{"id":1139,"date":"2018-04-03T12:01:06","date_gmt":"2018-04-03T10:01:06","guid":{"rendered":"http:\/\/www.eddwood.com\/privacy-policy\/"},"modified":"2018-09-28T11:09:04","modified_gmt":"2018-09-28T09:09:04","slug":"privacy-policy","status":"publish","type":"page","link":"https:\/\/www.alpenhof-hotel.de\/en\/privacy-policy\/","title":{"rendered":"Privacy policy"},"content":{"rendered":"<p>[vc_row full_width=&#8221;stretch_row&#8221; css=&#8221;.vc_custom_1533135164068{padding-top: 6% !important;padding-bottom: 8% !important;background-color: #e8e8e8 !important;}&#8221;][vc_column][vc_column_text el_class=&#8221;my_headline&#8221;]<\/p>\n<h2>Datenschutzerkl\u00e4rung<\/h2>\n<p>[\/vc_column_text][vc_column_text el_class=&#8221;my_max_width_wide&#8221;]Mit dieser Datenschutzerkl\u00e4rung m\u00f6chten wir einen \u00dcberblick \u00fcber die Art, den Umfang, den Zweck der Erhebung und die Verarbeitung personenbezogener Daten im Zusammenhang mit der Nutzung unserer Webseite und des Aufenthalts bei uns im Hotel geben und sie \u00fcber ihre Rechte nach der Datenschutzgrundverordnung informieren.<\/p>\n<p>Verantwortlich f\u00fcr das verarbeiten von Daten auf unserer Webseite ist das Hotel Alpenhof (n\u00e4here Informationen zum Hotel Alpenhof finden Sie im Impressum)<\/p>\n<p>die Kontaktdaten unseres Datenschutzverantwortlichen sind folgt:<\/p>\n<p>email: <a href=\"mailto:datenschutz@alpenhof-hotel.de\">datenschutz@alpenhof-hotel.de<\/a><\/p>\n<p>Donauw\u00f6rther Stra\u00dfe 233<\/p>\n<p>86154 Augsburg<\/p>\n<ol>\n<li><strong> Zweck sowie Rechtsgrundlage f\u00fcr die Verarbeitung personenbezogener Daten<\/strong><\/li>\n<\/ol>\n<p>gem\u00e4\u00df den Bestimmungen der EU Datenschutz Grundverordnung und des neuen Bundesdatenschutzgesetzes verarbeiten wir Ihre personenbezogenen Daten zu folgendem Zweck.<\/p>\n<p>(a) zur Abwicklung Ihrer Reservierungsanfrage und Reservierungen sowie die dazugeh\u00f6rigen Erbringungen unserer Dienstleistungen im Rahmen des Beherbergungsvertrages. Rechtsgrundlage ist Art. 6 Abs. 1 DSGVO<\/p>\n<p>(B) zum nachverfolgen ihrer Nutzung unserer Leistung (Wellnessbereich, Telefongeb\u00fchr, Minibar Nutzung usw.). Rechtsgrundlage ist Art. 6 Abs. 1 DSGVO<\/p>\n<p>(C) zum durchf\u00fchren des Check in und Check out. Rechtsgrundlage ist Art. 6 Abs. 1 DSGVO<\/p>\n<p>(D) zum Zwecke der Erf\u00fcllung unserer rechtlichen Pflichten die unser Unternehmen als Verantwortlicher durchf\u00fchren m\u00fcssen. Zum Beispiel Meldegesetze, Steuergesetze Pflichten der richtigen Buchf\u00fchrung. Rechtsgrundlage ist Art. 6 Abs. 1 DSGVO<\/p>\n<p>(E) zum Zwecke der \u00dcbermittlung unseres E-Mail Newsletters und deren Verwaltung. Rechtsgrundlage ist Art. 6 Abs. 1 DSGVO<\/p>\n<p>(F) zum Zwecke der Verbesserung der Qualit\u00e4t unserer Dienstleistungen durch Analyse ihrer online Bewertungen, W\u00fcnsche, Kommentare schriftlich wie auch m\u00fcndlich. Rechtsgrundlage ist Art. 6 Abs. 1 DSGVO<\/p>\n<p>(G) zum Zwecke der Erkennung von wiederkehrenden G\u00e4sten. Rechtsgrundlage ist Art. 6 Abs. 1 DSGVO<\/p>\n<p>(H) zum Zwecke der Wahrung unseres Hausrechts. Rechtsgrundlage ist Art. 6 Abs. 1 DSGVO<\/p>\n<p>(I) zum Zwecke der Verhinderung und Aufkl\u00e4rung von Straftaten (dazu benutzen wir unsere Video\u00fcberwachung). Rechtsgrundlage ist Art. 6 Abs. 1 DSGVO<\/p>\n<p>(J) zum Zwecke der Gew\u00e4hrleistung eines sicheren Aufenthalts unserer Hotelg\u00e4ste. Rechtsgrundlage ist Art. 6 Abs. 1 DSGVO<\/p>\n<ol start=\"2\">\n<li><strong> Empf\u00e4nger der personenbezogenen Daten und Kategorien<\/strong><\/li>\n<\/ol>\n<p>Wenn wie unter Ziffer eins eine Speicherung Ihrer personenbezogenen Daten erforderlich sind, geben wir diese Daten den Empf\u00e4ngern gem\u00e4\u00df Art. 4 Nummer 9 DSGVO zum Bearbeiten frei.<\/p>\n<p>Innerhalb unseres Unternehmens sind die Empf\u00e4nger diejenigen, die zur Erf\u00fcllung unserer vertraglichen und gesetzlichen Pflichten personenbezogene Daten ben\u00f6tigen. Zum Beispiel unsere Abteilungen K\u00fcche, Rezeption, Buchhaltung, Service, Bankett.<\/p>\n<p>Dienstleister, die von uns eingesetzt werden im Rahmen eines Auftragsverarbeitung Vertrages k\u00f6nnen ebenfalls personenbezogene Daten von uns erhalten. Diese Unternehmen sind Betriebe der folgenden Kategorien: Kreditkartenabrechnungsunternehmen, Reinigungsdienstleister, Telekommunikationsdienstleister, Inkassobetriebe. Eine Liste der Dienstleister und Auftragsverarbeiter bekommen Sie auf Anfrage oder \u00fcber diesen Link. Diese Liste wird regelm\u00e4\u00dfig aktualisiert.<\/p>\n<p>Ebenfalls kann auf Anfrage von \u00f6ffentlichen Stellen und Institutionen eine Datenweitergabe erfolgen, wenn eine gesetzliche Verpflichtung vorliegt (zum Beispiel Strafverfolgungsbeh\u00f6rde oder Finanzbeh\u00f6rden)<\/p>\n<p>Ebenfalls k\u00f6nnen Daten an Stellen \u00fcbermittelt werden f\u00fcr diese Sie uns ausdr\u00fccklich eine Einwilligung erteilt haben.<\/p>\n<p>Wir beabsichtigen nicht, ihre Daten an Drittl\u00e4nder weiterzugeben.<\/p>\n<ol start=\"3\">\n<li><strong> Dauer der Datenspeicherung<\/strong><\/li>\n<\/ol>\n<p>Wir verarbeiten und speichern Ihre personenbezogenen Daten f\u00fcr die Dauer die f\u00fcr die Erf\u00fcllung unserer vertraglichen und gesetzlichen Pflichten und Aufbewahrungsfristen erforderlich sind. Sobald Daten nicht mehr f\u00fcr die Erf\u00fcllung vertraglicher Pflichten und betrieblicher Zwecke erforderlich sind, werden diese regelm\u00e4\u00dfig gel\u00f6scht.<\/p>\n<p>Personenbezogene Daten die bei einer Buchung erhoben werden, werden im Einklang gesetzlicher Vorschriften f\u00fcr die Dauer von maximal zehn Jahren aufbewahrt.<\/p>\n<p>Daten die keinen Personenbezug aufweisen k\u00f6nnen dauerhaft gespeichert werden.<\/p>\n<ol start=\"4\">\n<li><strong> Ihre Rechte<\/strong><\/li>\n<\/ol>\n<p>Um ihre Rechte auf Ihre personenbezogenen Daten zu wahren, haben Sie die M\u00f6glichkeit die Daten einzusehen, zu l\u00f6schen, zu aktualisieren oder sie einzuschr\u00e4nken. Um dies zu tun k\u00f6nnen Sie uns jederzeit eine E-Mail an <a href=\"mailto:Datenschutz@Alpenhof-hotel.de\">Datenschutz@Alpenhof-hotel.de<\/a> schicken. Rechtsgrundlage Art. 15 DSGVO, Art. 16 DSGVO, Art. 17 DSGVO und Art. 18 DSGVO.<\/p>\n<p>Sie haben ebenfalls das Recht auf Widerspruch der Verarbeitung gem\u00e4\u00df Art. 21 DSGVO und das Recht auf Daten\u00fcbertragung gem\u00e4\u00df Art. 20 DSGVO.<\/p>\n<ol start=\"5\">\n<li><strong> n\u00f6tige Pflicht zur Bereitstellung von Daten<\/strong><\/li>\n<\/ol>\n<p>Zum Durchf\u00fchrung eines Beherbergungsvertrages sind wir zu Erhebung bestimmter pers\u00f6nlichen Daten gesetzlich verpflichtet. Ohne diese wird es uns in der Regel nicht m\u00f6glich sein einen Vertrag mit Ihnen abzuschlie\u00dfen oder diesen auszuf\u00fchren. Gem\u00e4\u00df Paragraf 30 Abs. 2 Bundesmeldegesetzes sind wir verpflichtet bestimmte personenbezogene Daten im Rahmen des Meldescheines zu erfassen. Ohne diese k\u00f6nnen wir die von Ihnen gew\u00fcnschten Leistungen nicht oder nicht vollst\u00e4ndig erbringen.<\/p>\n<ol start=\"6\">\n<li><strong> Video\u00fcberwachung<\/strong><\/li>\n<\/ol>\n<p>Sollten wir eine Video\u00fcberwachung bei ihrem Aufenthalt durchf\u00fchren, so ist diese ausschlie\u00dflich zum Zweck der Verhinderung und Aufkl\u00e4rung von Straftaten. Diese Videosequenzen werden maximal 48 Stunden aufbewahrt und dann unwiderruflich gel\u00f6scht. Empf\u00e4nger dieser Daten k\u00f6nnen Strafverfolgungsbeh\u00f6rden sein, sowie die Gesch\u00e4ftsf\u00fchrer mit Zeugen.<\/p>\n<ol start=\"7\">\n<li><strong> Webseiten Benutzung <\/strong><\/li>\n<\/ol>\n<p>(a) Cookies<\/p>\n<p>Wir verwenden auf unserer Webseite Cookies. Dies sind kleine Daten die Ihr Browser automatisch erstellt und auf ihrem Endger\u00e4t abspeichert. Dieser Vorgang gibt uns keine Kenntnisse \u00fcber ihre Identit\u00e4t. Dieser Vorgang wird durchgef\u00fchrt um den Besuch auf unserer Webseite einfacher zu gestalten.<\/p>\n<p>(b) Analysetools<\/p>\n<p>Zum Verbessern der Qualit\u00e4t unserer Angebote verwenden wir Analysetools wie zum Beispiel Google Analytik.<\/p>\n<p>Sie k\u00f6nnen durch entsprechende Einstellungen in Ihrer Browser Software die Analyse durch solche Tools verhindern.<\/p>\n<p>(c) eingebundene Dienste von Drittanbietern (zum Beispiel YouTube, Google Maps)<\/p>\n<p>Innerhalb unserer Webseite nutzen wir Dienste von Drittanbietern. Diese Dienste sind mittlerweile Standarddienste auf fast allen Webseiten und wir haben keinen Einfluss ob diese Drittanbieter Daten f\u00fcr statistische Zwecke speichern oder anders verwenden.<\/p>\n<p>(d) Verlinkung auf andere Webseiten<\/p>\n<p>Unsere Webseite enth\u00e4lt Links zu anderen Seiten wie zum Beispiel Facebook, Instagram, Google+. Wir weisen darauf hin, dass wir f\u00fcr die Webseite fremder Anbieter, deren Inhalte und die dortige Einhaltung der Datenschutzrichtlinien nicht verantwortlich sind. Wir empfehlen Ihnen die dortigen Bestimmungen zum Datenschutzgesetz selbst zu \u00fcberpr\u00fcfen.<\/p>\n<p>(e) Social Media Webseiten<\/p>\n<p>Wir nutzen folgende Kan\u00e4le: Facebook, Instagram, Google+.<\/p>\n<p>Diese Social Media Webseiten nutzen Cookies und speichern ihre Daten um ihr pers\u00f6nliches Verhalten auswerten zu k\u00f6nnen. Wo und in welchen Umfang diese Webseiten ihre Daten speichern kann von uns nicht beeinflusst werden. Wir nutzen diese Webseiten um unseren Service durch eine Interaktion mit deren Usern zu verbessern.<\/p>\n<p>Um das zu verhindern raten wir Ihnen sich vor dem benutzen dieser Webseiten, sich aus Ihrem Account auszuloggen.<\/p>\n<ol start=\"8\">\n<li><strong> \u00c4nderung dieser Datenschutzlinie<\/strong><\/li>\n<\/ol>\n<p>Falls sich unsere Datenschutzrichtlinien inhaltlich \u00e4ndern sollten, wird dies auf dieser Seite geschehen.<\/p>\n<ol start=\"9\">\n<li><strong> Kontakt<\/strong><\/li>\n<\/ol>\n<p>Bei Fragen zu unserer Datenschutzrichtlinie oder zu ihren personenbezogenen Daten, k\u00f6nnen Sie sich gerne schriftlich an uns wenden oder per E-Mail (<a href=\"mailto:dateschutz@alpenhof-hotel.de\">dateschutz@alpenhof-hotel.de<\/a>).<\/p>\n<p>Ebenfalls haben Sie die M\u00f6glichkeit sich direkt an die zust\u00e4ndige Datenschutzbeh\u00f6rde zu richten. In unserem Fall ist dies das bayerische Landesamt f\u00fcr Datenschutzaufsicht (<a href=\"https:\/\/www.lda.bayern.de\/de\/index.html\">https:\/\/www.lda.bayern.de\/de\/index.html<\/a>)<\/p>\n<p><strong>Stand und Aktualisierung unserer Datenschutzhinweise:<\/strong><\/p>\n<p><strong>Dies ist eine Aktualisierung unserer Datenschutzerkl\u00e4rung vom 23.5.2018<\/strong><\/p>\n<p><strong>Diese Datenschutzhinweise gelten ab dem 23.7.2018<\/strong>[\/vc_column_text][vc_empty_space height=&#8221;100px&#8221;][\/vc_column][\/vc_row]<\/p>\n","protected":false},"excerpt":{"rendered":"<p>[vc_row full_width=&#8221;stretch_row&#8221; css=&#8221;.vc_custom_1533135164068{padding-top: 6% !important;padding-bottom: 8% !important;background-color: #e8e8e8 !important;}&#8221;][vc_column][vc_column_text el_class=&#8221;my_headline&#8221;] Datenschutzerkl\u00e4rung [\/vc_column_text][vc_column_text el_class=&#8221;my_max_width_wide&#8221;]Mit dieser Datenschutzerkl\u00e4rung m\u00f6chten wir einen \u00dcberblick \u00fcber die Art, den Umfang, den Zweck der Erhebung und die Verarbeitung personenbezogener Daten im Zusammenhang<span class=\"excerpt-hellip\"> [\u2026]<\/span><\/p>\n","protected":false},"author":1,"featured_media":0,"parent":0,"menu_order":99,"comment_status":"closed","ping_status":"open","template":"","meta":[],"acf":[],"_links":{"self":[{"href":"https:\/\/www.alpenhof-hotel.de\/en\/wp-json\/wp\/v2\/pages\/1139"}],"collection":[{"href":"https:\/\/www.alpenhof-hotel.de\/en\/wp-json\/wp\/v2\/pages"}],"about":[{"href":"https:\/\/www.alpenhof-hotel.de\/en\/wp-json\/wp\/v2\/types\/page"}],"author":[{"embeddable":true,"href":"https:\/\/www.alpenhof-hotel.de\/en\/wp-json\/wp\/v2\/users\/1"}],"replies":[{"embeddable":true,"href":"https:\/\/www.alpenhof-hotel.de\/en\/wp-json\/wp\/v2\/comments?post=1139"}],"version-history":[{"count":0,"href":"https:\/\/www.alpenhof-hotel.de\/en\/wp-json\/wp\/v2\/pages\/1139\/revisions"}],"wp:attachment":[{"href":"https:\/\/www.alpenhof-hotel.de\/en\/wp-json\/wp\/v2\/media?parent=1139"}],"curies":[{"name":"wp","href":"https:\/\/api.w.org\/{rel}","templated":true}]}}